{"id":11,"date":"2022-09-17T17:17:01","date_gmt":"2022-09-17T17:17:01","guid":{"rendered":"https:\/\/holodomor.orthodoxs.org\/?page_id=11"},"modified":"2023-05-28T13:05:40","modified_gmt":"2023-05-28T13:05:40","slug":"inicio","status":"publish","type":"page","link":"https:\/\/holodomor.orthodoxs.org\/","title":{"rendered":"Inicio"},"content":{"rendered":"\n<div class=\"wp-block-cover alignfull is-light\" style=\"min-height:700px\"><span aria-hidden=\"true\" class=\"wp-block-cover__background has-background-dim-0 has-background-dim\"><\/span><img loading=\"lazy\" width=\"1024\" height=\"512\" class=\"wp-block-cover__image-background wp-image-6\" alt=\"\" src=\"https:\/\/holodomor.orthodoxs.org\/wp-content\/uploads\/2022\/09\/holodomor-memorial.webp\" style=\"object-position:50% 64%\" data-object-fit=\"cover\" data-object-position=\"50% 64%\" srcset=\"https:\/\/holodomor.orthodoxs.org\/wp-content\/uploads\/2022\/09\/holodomor-memorial.webp 1024w, https:\/\/holodomor.orthodoxs.org\/wp-content\/uploads\/2022\/09\/holodomor-memorial-300x150.webp 300w, https:\/\/holodomor.orthodoxs.org\/wp-content\/uploads\/2022\/09\/holodomor-memorial-768x384.webp 768w\" sizes=\"(max-width: 1024px) 100vw, 1024px\" \/><div class=\"wp-block-cover__inner-container\">\n<div style=\"height:80px\" aria-hidden=\"true\" class=\"wp-block-spacer\"><\/div>\n\n\n\n<h1 class=\"has-text-align-center has-text-color\" style=\"color:#121212\">HOLODOMOR<\/h1>\n\n\n\n<h1 class=\"has-text-align-center has-text-color\" style=\"color:#121212\">Genocidio al Pueblo Ucraniano y cr\u00edmenes de guerra<\/h1>\n\n\n\n<p class=\"has-text-align-center has-neve-text-color-color has-text-color\" style=\"font-size:17px\">Museo virtual del Genocidio al pueblo Ucraniano y acerca de los cr\u00edmenes de guerra contra el pueblo Ucraniano.<\/p>\n\n\n\n<div class=\"wp-container-1 is-content-justification-center wp-block-buttons\">\n<div class=\"wp-block-button is-style-primary\"><a class=\"wp-block-button__link\" href=\"https:\/\/holodomor.orthodoxs.org\/index.php\/blog\/\">Testimonios<\/a><\/div>\n\n\n\n<div class=\"wp-block-button is-style-secondary\"><a class=\"wp-block-button__link\" href=\"https:\/\/holodomor.orthodoxs.org\/index.php\/detalles-del-proyecto\/\" target=\"_blank\" rel=\"noreferrer noopener\">El Museo<\/a><\/div>\n<\/div>\n\n\n\n<div style=\"height:80px\" aria-hidden=\"true\" class=\"wp-block-spacer\"><\/div>\n\n\n\n<div style=\"height:80px\" aria-hidden=\"true\" class=\"wp-block-spacer\"><\/div>\n<\/div><\/div>\n\n\n\n<div style=\"height:80px\" aria-hidden=\"true\" class=\"wp-block-spacer\"><\/div>\n\n\n\n<p>El Museo Nacional del Genocidio Holodomor conserva la memoria de las v\u00edctimas del Holodomor e ilumina la historia del genocidio de la naci\u00f3n ucraniana en 1932-1933. El museo es el centro de conmemoraci\u00f3n de los millones de ucranianos destruidos por el r\u00e9gimen totalitario comunista durante el Holodomor.<\/p>\n\n\n\n<p>El Museo Holodomor ense\u00f1a a resistir el odio y la violaci\u00f3n de los derechos humanos. A trav\u00e9s de sus actividades, cultiva la protecci\u00f3n de la dignidad humana y los valores democr\u00e1ticos y previene el delito de genocidio, inculcando en los ciudadanos la tolerancia y el sentido de la responsabilidad moral frente a los desaf\u00edos a todas las normas y libertades jur\u00eddicas.<\/p>\n\n\n\n<p>Una tarea importante del Museo Holodomor es recordar la identidad ucraniana, que se intent\u00f3 reemplazar por la sovi\u00e9tica. El museo desempe\u00f1a el papel de intermediario en el proceso de transmisi\u00f3n de recuerdos e informaci\u00f3n sobre el Holodomor, lo que demuestra la conexi\u00f3n entre generaciones de la naci\u00f3n ucraniana y preserva la memoria del intento de destruirlo.<\/p>\n\n\n\n<p>El conocimiento sobre la historia del Holodomor que brinda el museo plantea cuestiones de moralidad: cultivar el respeto por la memoria de las v\u00edctimas, la empat\u00eda y repensar la propia visi\u00f3n de la vida, que es el valor m\u00e1s alto.<\/p>\n\n\n\n<h2 class=\"alignwide has-text-align-center\">La Verdad debe contarse<\/h2>\n\n\n\n<div class=\"wp-container-5 wp-block-columns\">\n<div class=\"wp-container-2 wp-block-column\"><div class=\"wp-block-image icon-style is-style-default\">\n<figure class=\"alignleft size-large\"><img loading=\"lazy\" width=\"1024\" height=\"747\" src=\"https:\/\/holodomor.orthodoxs.org\/wp-content\/uploads\/2022\/09\/1_1-1-1024x747.jpg\" alt=\"\" class=\"wp-image-196\" srcset=\"https:\/\/holodomor.orthodoxs.org\/wp-content\/uploads\/2022\/09\/1_1-1-1024x747.jpg 1024w, https:\/\/holodomor.orthodoxs.org\/wp-content\/uploads\/2022\/09\/1_1-1-300x219.jpg 300w, https:\/\/holodomor.orthodoxs.org\/wp-content\/uploads\/2022\/09\/1_1-1-768x560.jpg 768w, https:\/\/holodomor.orthodoxs.org\/wp-content\/uploads\/2022\/09\/1_1-1-1536x1121.jpg 1536w, https:\/\/holodomor.orthodoxs.org\/wp-content\/uploads\/2022\/09\/1_1-1-2048x1495.jpg 2048w\" sizes=\"(max-width: 1024px) 100vw, 1024px\" \/><\/figure><\/div>\n\n\n<div style=\"height:20px\" aria-hidden=\"true\" class=\"wp-block-spacer\"><\/div>\n<\/div>\n\n\n\n<div class=\"wp-container-3 wp-block-column\"><div class=\"wp-block-image icon-style is-style-default\">\n<figure class=\"aligncenter size-full\"><img loading=\"lazy\" width=\"400\" height=\"284\" src=\"https:\/\/holodomor.orthodoxs.org\/wp-content\/uploads\/2022\/09\/5_1.jpg\" alt=\"\" class=\"wp-image-203\" srcset=\"https:\/\/holodomor.orthodoxs.org\/wp-content\/uploads\/2022\/09\/5_1.jpg 400w, https:\/\/holodomor.orthodoxs.org\/wp-content\/uploads\/2022\/09\/5_1-300x213.jpg 300w\" sizes=\"(max-width: 400px) 100vw, 400px\" \/><\/figure><\/div>\n\n\n<div style=\"height:20px\" aria-hidden=\"true\" class=\"wp-block-spacer\"><\/div>\n<\/div>\n\n\n\n<div class=\"wp-container-4 wp-block-column\"><div class=\"wp-block-image icon-style is-style-default\">\n<figure class=\"alignright size-full\"><img loading=\"lazy\" width=\"400\" height=\"288\" src=\"https:\/\/holodomor.orthodoxs.org\/wp-content\/uploads\/2022\/09\/4_1.jpg\" alt=\"\" class=\"wp-image-202\" srcset=\"https:\/\/holodomor.orthodoxs.org\/wp-content\/uploads\/2022\/09\/4_1.jpg 400w, https:\/\/holodomor.orthodoxs.org\/wp-content\/uploads\/2022\/09\/4_1-300x216.jpg 300w\" sizes=\"(max-width: 400px) 100vw, 400px\" \/><\/figure><\/div>\n\n\n<div style=\"height:20px\" aria-hidden=\"true\" class=\"wp-block-spacer\"><\/div>\n<\/div>\n<\/div>\n\n\n\n<div style=\"height:80px\" aria-hidden=\"true\" class=\"wp-block-spacer\"><\/div>\n\n\n\n<div class=\"wp-block-cover alignfull\" style=\"min-height:600px\"><span aria-hidden=\"true\" class=\"wp-block-cover__background has-nv-light-bg-background-color has-background-dim-100 has-background-dim\"><\/span><div class=\"wp-block-cover__inner-container\">\n<div class=\"wp-container-10 wp-block-group\"><div class=\"wp-block-group__inner-container\">\n<div style=\"height:80px\" aria-hidden=\"true\" class=\"wp-block-spacer\"><\/div>\n\n\n\n<div class=\"wp-container-9 wp-block-columns are-vertically-aligned-center\">\n<div class=\"wp-container-6 wp-block-column is-vertically-aligned-center\" style=\"flex-basis:50%\">\n<figure class=\"wp-block-embed is-type-video is-provider-youtube wp-block-embed-youtube wp-embed-aspect-16-9 wp-has-aspect-ratio\"><div class=\"wp-block-embed__wrapper\">\n<div class=\"nv-iframe-embed\"><iframe loading=\"lazy\" title=\"\u00bfPor qu\u00e9 fue posible el Holodomor?\" width=\"1200\" height=\"675\" src=\"https:\/\/www.youtube.com\/embed\/FFyf5tEdBzU?start=69&#038;feature=oembed\" frameborder=\"0\" allow=\"accelerometer; autoplay; clipboard-write; encrypted-media; gyroscope; picture-in-picture; web-share\" allowfullscreen><\/iframe><\/div>\n<\/div><\/figure>\n<\/div>\n\n\n\n<div class=\"wp-container-8 wp-block-column is-vertically-aligned-center\" style=\"flex-basis:50%\">\n<div style=\"height:20px\" aria-hidden=\"true\" class=\"wp-block-spacer\"><\/div>\n\n\n\n<h2 class=\"has-text-align-left has-neve-text-color-color has-text-color\">\u00bfPor qu\u00e9 fue posible el Holodomor?<\/h2>\n\n\n\n<p class=\"has-text-align-left has-neve-text-color-color has-text-color\" style=\"font-size:17px\">\u00abLo m\u00e1s importante ahora es Ucrania \u2026 Si no actuamos ahora para corregir la situaci\u00f3n, podemos perder Ucrania \u2026 En el Partido Comunista de Ucrania hay 500 mil (!) elementos podridos, \u2018petliuristas\u2019 (seguidores de Petliura)conscientes e inconscientes\u00ab, <em><strong>J. Stalin<\/strong><\/em>.<\/p>\n\n\n\n<div class=\"wp-container-7 is-content-justification-left wp-block-buttons\">\n<div class=\"wp-block-button is-style-primary\"><a class=\"wp-block-button__link\" href=\"https:\/\/holodomor.orthodoxs.org\/index.php\/blog\/\">Testimonios<\/a><\/div>\n<\/div>\n<\/div>\n<\/div>\n\n\n\n<div style=\"height:40px\" aria-hidden=\"true\" class=\"wp-block-spacer\"><\/div>\n<\/div><\/div>\n<\/div><\/div>\n\n\n\n<div class=\"wp-block-cover alignfull\" style=\"min-height:600px\"><span aria-hidden=\"true\" class=\"wp-block-cover__background has-nv-dark-bg-background-color has-background-dim-100 has-background-dim\"><\/span><div class=\"wp-block-cover__inner-container\">\n<div class=\"wp-container-15 wp-block-group\"><div class=\"wp-block-group__inner-container\">\n<div style=\"height:80px\" aria-hidden=\"true\" class=\"wp-block-spacer\"><\/div>\n\n\n\n<div class=\"wp-container-14 wp-block-columns are-vertically-aligned-center\">\n<div class=\"wp-container-11 wp-block-column is-vertically-aligned-center\" style=\"flex-basis:50%\">\n<figure class=\"wp-block-image size-full\"><img loading=\"lazy\" width=\"736\" height=\"384\" src=\"https:\/\/holodomor.orthodoxs.org\/wp-content\/uploads\/2022\/09\/05-1.jpg\" alt=\"\" class=\"wp-image-88\" srcset=\"https:\/\/holodomor.orthodoxs.org\/wp-content\/uploads\/2022\/09\/05-1.jpg 736w, https:\/\/holodomor.orthodoxs.org\/wp-content\/uploads\/2022\/09\/05-1-300x157.jpg 300w\" sizes=\"(max-width: 736px) 100vw, 736px\" \/><\/figure>\n<\/div>\n\n\n\n<div class=\"wp-container-13 wp-block-column is-vertically-aligned-center\" style=\"flex-basis:50%\">\n<div style=\"height:40px\" aria-hidden=\"true\" class=\"wp-block-spacer\"><\/div>\n\n\n\n<h2 class=\"has-text-align-left has-nv-text-dark-bg-color has-text-color\">La Negaci\u00f3n<\/h2>\n\n\n\n<div class=\"wp-container-12 is-content-justification-left wp-block-buttons\">\n<div class=\"wp-block-button is-style-primary\"><a class=\"wp-block-button__link\" href=\"https:\/\/holodomor.orthodoxs.org\/index.php\/blog\/\">Testimonios<\/a><\/div>\n<\/div>\n\n\n\n<p>En 1932-1933, las autoridades de la Uni\u00f3n Sovi\u00e9tica, con la intenci\u00f3n de destruir una parte del grupo nacional ucraniano, negaron oficialmente las muertes masivas por hambruna en Ucrania y se negaron a recibir ayuda extranjera, que se ofreci\u00f3, a menudo con la ayuda de inmigrantes ucranianos.&nbsp;Durante d\u00e9cadas, en la URSS, estuvo prohibido el recuerdo de las v\u00edctimas del Holodomor, no hay conciencia p\u00fablica sobre esto, no se conmemora a las v\u00edctimas inocentes.<\/p>\n<\/div>\n<\/div>\n\n\n\n<div style=\"height:40px\" aria-hidden=\"true\" class=\"wp-block-spacer\"><\/div>\n<\/div><\/div>\n<\/div><\/div>\n\n\n\n<div style=\"height:40px\" aria-hidden=\"true\" class=\"wp-block-spacer\"><\/div>\n\n\n\n<div class=\"wp-block-cover alignfull\" style=\"min-height:600px\"><span aria-hidden=\"true\" class=\"wp-block-cover__background has-nv-site-bg-background-color has-background-dim-100 has-background-dim\"><\/span><div class=\"wp-block-cover__inner-container\">\n<div class=\"wp-container-19 wp-block-group\"><div class=\"wp-block-group__inner-container\">\n<div style=\"height:80px\" aria-hidden=\"true\" class=\"wp-block-spacer\"><\/div>\n\n\n\n<h2 class=\"has-neve-text-color-color has-text-color\">D\u00eda del Recuerdo<\/h2>\n\n\n\n<p class=\"has-neve-link-color-color has-text-color\">Solo despu\u00e9s de la restauraci\u00f3n de la independencia estatal, los ucranianos pudieron romper un tab\u00fa sobre el Holodomor y la memoria de 10,5 millones de sus familiares, compatriotas, brutalmente muertos de hambre por las autoridades sovi\u00e9ticas en 1932-1933.&nbsp;El poder de este proceso fueron personas que, a pesar del silencio oficial del r\u00e9gimen, siempre recordaron lo que las autoridades le hicieron a la naci\u00f3n ucraniana a principios de la d\u00e9cada de 1930.&nbsp;\u00a1Tambi\u00e9n, gracias a los ucranianos y a todos los que los apoyaron, que mantuvieron la memoria del Holodomor fuera de la URSS y se la pasaron a sus hijos desde 1933 hasta hoy!<\/p>\n\n\n\n<p class=\"has-neve-link-color-color has-text-color\">En septiembre de 1933, todos los que simpatizaban con los ucranianos y condenaban las acciones de la autoridad sovi\u00e9tica, conmemoraron a las v\u00edctimas del Holodomor.&nbsp;As\u00ed,&nbsp;<strong>el 11 de septiembre de 1933<\/strong>&nbsp;, tuvo lugar en Berl\u00edn un d\u00eda de luto por los millones de ucranianos que murieron de hambre y un servicio conmemorativo de los llamamientos del Administrador y Visitador apost\u00f3lico para los emigrantes ucranianos en Alemania, Prist Petro Verhun.<\/p>\n\n\n\n<div style=\"height:20px\" aria-hidden=\"true\" class=\"wp-block-spacer\"><\/div>\n\n\n\n<div class=\"wp-container-18 wp-block-columns are-vertically-aligned-center\">\n<div class=\"wp-container-16 wp-block-column is-vertically-aligned-center\" style=\"flex-basis:50%\">\n<figure class=\"wp-block-image size-full is-resized\"><img loading=\"lazy\" src=\"https:\/\/holodomor.orthodoxs.org\/wp-content\/uploads\/2022\/09\/12a.jpg\" alt=\"\" class=\"wp-image-194\" width=\"548\" height=\"392\" srcset=\"https:\/\/holodomor.orthodoxs.org\/wp-content\/uploads\/2022\/09\/12a.jpg 400w, https:\/\/holodomor.orthodoxs.org\/wp-content\/uploads\/2022\/09\/12a-300x215.jpg 300w\" sizes=\"(max-width: 548px) 100vw, 548px\" \/><\/figure>\n\n\n\n<div style=\"height:40px\" aria-hidden=\"true\" class=\"wp-block-spacer\"><\/div>\n<\/div>\n\n\n\n<div class=\"wp-container-17 wp-block-column is-vertically-aligned-center\" style=\"flex-basis:50%\">\n<figure class=\"wp-block-image size-large\"><img loading=\"lazy\" width=\"1024\" height=\"772\" src=\"https:\/\/holodomor.orthodoxs.org\/wp-content\/uploads\/2022\/09\/bokan-2-1-1-1024x772.jpg\" alt=\"\" class=\"wp-image-195\" srcset=\"https:\/\/holodomor.orthodoxs.org\/wp-content\/uploads\/2022\/09\/bokan-2-1-1-1024x772.jpg 1024w, https:\/\/holodomor.orthodoxs.org\/wp-content\/uploads\/2022\/09\/bokan-2-1-1-300x226.jpg 300w, https:\/\/holodomor.orthodoxs.org\/wp-content\/uploads\/2022\/09\/bokan-2-1-1-768x579.jpg 768w, https:\/\/holodomor.orthodoxs.org\/wp-content\/uploads\/2022\/09\/bokan-2-1-1-1536x1157.jpg 1536w, https:\/\/holodomor.orthodoxs.org\/wp-content\/uploads\/2022\/09\/bokan-2-1-1.jpg 2008w\" sizes=\"(max-width: 1024px) 100vw, 1024px\" \/><\/figure>\n\n\n\n<div style=\"height:40px\" aria-hidden=\"true\" class=\"wp-block-spacer\"><\/div>\n<\/div>\n<\/div>\n\n\n\n<div style=\"height:40px\" aria-hidden=\"true\" class=\"wp-block-spacer\"><\/div>\n<\/div><\/div>\n<\/div><\/div>\n\n\n\n<div class=\"wp-block-cover alignfull\" style=\"min-height:420px\"><span aria-hidden=\"true\" class=\"wp-block-cover__background has-nv-light-bg-background-color has-background-dim-100 has-background-dim\"><\/span><div class=\"wp-block-cover__inner-container\">\n<div style=\"height:80px\" aria-hidden=\"true\" class=\"wp-block-spacer\"><\/div>\n\n\n\n<div class=\"wp-container-22 wp-block-columns\">\n<div class=\"wp-container-20 wp-block-column\"><div class=\"wp-block-image is-style-default\">\n<figure class=\"aligncenter size-large is-resized\"><a href=\"https:\/\/orthodoxs.org\"><img loading=\"lazy\" src=\"https:\/\/holodomor.orthodoxs.org\/wp-content\/uploads\/2022\/09\/1024px-OCU_logo-1024x1024.png\" alt=\"\" class=\"wp-image-82\" width=\"183\" height=\"183\" srcset=\"https:\/\/holodomor.orthodoxs.org\/wp-content\/uploads\/2022\/09\/1024px-OCU_logo.png 1024w, https:\/\/holodomor.orthodoxs.org\/wp-content\/uploads\/2022\/09\/1024px-OCU_logo-300x300.png 300w, https:\/\/holodomor.orthodoxs.org\/wp-content\/uploads\/2022\/09\/1024px-OCU_logo-150x150.png 150w, https:\/\/holodomor.orthodoxs.org\/wp-content\/uploads\/2022\/09\/1024px-OCU_logo-768x768.png 768w\" sizes=\"(max-width: 183px) 100vw, 183px\" \/><\/a><\/figure><\/div>\n\n\n<figure class=\"wp-block-pullquote has-neve-text-color-color has-text-color\" style=\"font-size:10px\"><blockquote><p>Desde la Iglesia Ortodoxa Autoc\u00e9fala de Ucraniana y la Hermandad San Miguel Arcangel buscamos llevar a Cristo y tambi\u00e9n, brindar nuestro peque\u00f1o aporte a la sociedad y al pueblo Ucraniano.<\/p><\/blockquote><\/figure>\n\n\n\n<p class=\"has-text-align-center has-neve-text-color-color has-text-color has-small-font-size\"><em>Muy Rev. + Cristian Gerardo <\/em><\/p>\n\n\n\n<div style=\"height:20px\" aria-hidden=\"true\" class=\"wp-block-spacer\"><\/div>\n<\/div>\n\n\n\n<div class=\"wp-container-21 wp-block-column\"><div class=\"wp-block-image is-style-default\">\n<figure class=\"aligncenter size-full is-resized\"><a href=\"https:\/\/holodomormuseum.org.ua\/\"><img loading=\"lazy\" src=\"https:\/\/holodomor.orthodoxs.org\/wp-content\/uploads\/2022\/09\/muse01.png\" alt=\"\" class=\"wp-image-52\" width=\"305\" height=\"182\"\/><\/a><\/figure><\/div>\n\n\n<figure class=\"wp-block-pullquote has-neve-text-color-color has-text-color\" style=\"font-size:10px\"><blockquote><p>El Museo Nacional del Holodomor, que es un museo estatal que conserva la memoria de las v\u00edctimas del Holodomor y destaca la historia del genocidio de la naci\u00f3n Ucraniana en 1932-1933.<\/p><\/blockquote><\/figure>\n\n\n\n<p class=\"has-text-align-center has-neve-text-color-color has-text-color\"><em>\u041c\u0443\u0437\u0435\u0439 \u0413\u043e\u043b\u043e\u0434\u043e\u043c\u043e\u0440\u0443<\/em><\/p>\n\n\n\n<div style=\"height:20px\" aria-hidden=\"true\" class=\"wp-block-spacer\"><\/div>\n<\/div>\n<\/div>\n\n\n\n<div style=\"height:30px\" aria-hidden=\"true\" class=\"wp-block-spacer\"><\/div>\n<\/div><\/div>\n\n\n\n<div class=\"wp-block-cover alignfull\" style=\"min-height:300px\"><span aria-hidden=\"true\" class=\"wp-block-cover__background has-nv-dark-bg-background-color has-background-dim-100 has-background-dim\"><\/span><div class=\"wp-block-cover__inner-container\">\n<div style=\"height:140px\" aria-hidden=\"true\" class=\"wp-block-spacer\"><\/div>\n\n\n\n<h2 class=\"has-text-align-center has-nv-text-dark-bg-color has-text-color\">Conozca los testimonios<\/h2>\n\n\n\n<p class=\"has-text-align-center has-medium-font-size\">Conozca los testimonios en primera persona y de los descendientes de las personas que les toc\u00f3 vivir el Genocidio del Holodomor as\u00ed como tambi\u00e9n los cr\u00edmenes de guerra que les toca vivir a nuestro hermanos Ucranianos por parte del gobierno ruso.<\/p>\n\n\n\n<div class=\"wp-container-23 is-content-justification-center wp-block-buttons\">\n<div class=\"wp-block-button is-style-primary\"><a class=\"wp-block-button__link\" href=\"https:\/\/holodomor.orthodoxs.org\/index.php\/blog\/\">Seguir Leyendo<\/a><\/div>\n<\/div>\n\n\n\n<div style=\"height:140px\" aria-hidden=\"true\" class=\"wp-block-spacer\"><\/div>\n<\/div><\/div>\n","protected":false},"excerpt":{"rendered":"<p>El Museo Nacional del Genocidio Holodomor conserva la memoria de las v\u00edctimas del Holodomor e ilumina la historia del genocidio de la naci\u00f3n ucraniana en 1932-1933. El museo es el centro de conmemoraci\u00f3n de los millones de ucranianos destruidos por el r\u00e9gimen totalitario comunista durante el Holodomor. El Museo Holodomor ense\u00f1a a resistir el odio&hellip;&nbsp;<a href=\"https:\/\/holodomor.orthodoxs.org\/\" class=\"\" rel=\"bookmark\">Leer m\u00e1s &raquo;<span class=\"screen-reader-text\">Inicio<\/span><\/a><\/p>\n","protected":false},"author":1,"featured_media":0,"parent":0,"menu_order":0,"comment_status":"closed","ping_status":"closed","template":"","meta":{"om_disable_all_campaigns":false,"_monsterinsights_skip_tracking":false,"_monsterinsights_sitenote_active":false,"_monsterinsights_sitenote_note":"","_monsterinsights_sitenote_category":0,"neve_meta_sidebar":"","neve_meta_container":"","neve_meta_enable_content_width":"on","neve_meta_content_width":100,"neve_meta_title_alignment":"","neve_meta_author_avatar":"","neve_post_elements_order":"","neve_meta_disable_header":"","neve_meta_disable_footer":"","neve_meta_disable_title":"on","_ti_tpc_template_sync":false,"_ti_tpc_template_id":""},"aioseo_notices":[],"_links":{"self":[{"href":"https:\/\/holodomor.orthodoxs.org\/index.php\/wp-json\/wp\/v2\/pages\/11"}],"collection":[{"href":"https:\/\/holodomor.orthodoxs.org\/index.php\/wp-json\/wp\/v2\/pages"}],"about":[{"href":"https:\/\/holodomor.orthodoxs.org\/index.php\/wp-json\/wp\/v2\/types\/page"}],"author":[{"embeddable":true,"href":"https:\/\/holodomor.orthodoxs.org\/index.php\/wp-json\/wp\/v2\/users\/1"}],"replies":[{"embeddable":true,"href":"https:\/\/holodomor.orthodoxs.org\/index.php\/wp-json\/wp\/v2\/comments?post=11"}],"version-history":[{"count":27,"href":"https:\/\/holodomor.orthodoxs.org\/index.php\/wp-json\/wp\/v2\/pages\/11\/revisions"}],"predecessor-version":[{"id":217,"href":"https:\/\/holodomor.orthodoxs.org\/index.php\/wp-json\/wp\/v2\/pages\/11\/revisions\/217"}],"wp:attachment":[{"href":"https:\/\/holodomor.orthodoxs.org\/index.php\/wp-json\/wp\/v2\/media?parent=11"}],"curies":[{"name":"wp","href":"https:\/\/api.w.org\/{rel}","templated":true}]}}