{"id":12,"date":"2022-09-17T17:17:01","date_gmt":"2022-09-17T17:17:01","guid":{"rendered":"https:\/\/holodomor.orthodoxs.org\/?page_id=12"},"modified":"2023-05-28T22:49:28","modified_gmt":"2023-05-28T22:49:28","slug":"acerca-de","status":"publish","type":"page","link":"https:\/\/holodomor.orthodoxs.org\/index.php\/acerca-de\/","title":{"rendered":"Acerca de"},"content":{"rendered":"\n<div class=\"wp-block-cover alignfull\" style=\"min-height:300px\"><span aria-hidden=\"true\" class=\"wp-block-cover__background has-nv-site-bg-background-color has-background-dim-100 has-background-dim\"><\/span><div class=\"wp-block-cover__inner-container\">\n<div class=\"wp-container-1 wp-block-group\"><div class=\"wp-block-group__inner-container\">\n<h1 class=\"has-text-align-left has-neve-text-color-color has-text-color\">Nosotros<\/h1>\n<\/div><\/div>\n<\/div><\/div>\n\n\n\n<div class=\"wp-block-cover alignfull\" style=\"min-height:600px\"><span aria-hidden=\"true\" class=\"wp-block-cover__background has-nv-light-bg-background-color has-background-dim-100 has-background-dim\"><\/span><div class=\"wp-block-cover__inner-container\">\n<div class=\"wp-container-5 wp-block-group\"><div class=\"wp-block-group__inner-container\">\n<div style=\"height:80px\" aria-hidden=\"true\" class=\"wp-block-spacer\"><\/div>\n\n\n\n<div class=\"wp-container-4 wp-block-columns are-vertically-aligned-center\">\n<div class=\"wp-container-2 wp-block-column is-vertically-aligned-center\" style=\"flex-basis:50%\">\n<figure class=\"wp-block-image size-full is-resized size-large\"><a href=\"https:\/\/holodomormuseum.org.ua\/\"><img loading=\"lazy\" src=\"https:\/\/holodomor.orthodoxs.org\/wp-content\/uploads\/2022\/09\/muse01.png\" alt=\"\" class=\"wp-image-52\" width=\"300\" height=\"179\"\/><\/a><\/figure>\n<\/div>\n\n\n\n<div class=\"wp-container-3 wp-block-column is-vertically-aligned-center\" style=\"flex-basis:50%\">\n<h2 class=\"has-neve-text-color-color has-text-color\">Museo Nacional del Holodomor<\/h2>\n\n\n\n<p class=\"has-neve-link-color-color has-text-color\">El Museo Nacional del Holodomor-Genocidio, que es un museo estatal de Ucrania que conserva la memoria de las v\u00edctimas del Holodomor y destaca la historia del genocidio de la naci\u00f3n Ucraniana en 1932-1933.<\/p>\n<\/div>\n<\/div>\n\n\n\n<div style=\"height:40px\" aria-hidden=\"true\" class=\"wp-block-spacer\"><\/div>\n<\/div><\/div>\n<\/div><\/div>\n\n\n\n<div class=\"wp-block-cover alignfull\" style=\"min-height:600px\"><span aria-hidden=\"true\" class=\"wp-block-cover__background has-nv-dark-bg-background-color has-background-dim-100 has-background-dim\"><\/span><div class=\"wp-block-cover__inner-container\">\n<div class=\"wp-container-10 wp-block-group\"><div class=\"wp-block-group__inner-container\">\n<div style=\"height:80px\" aria-hidden=\"true\" class=\"wp-block-spacer\"><\/div>\n\n\n\n<div class=\"wp-container-9 wp-block-columns are-vertically-aligned-center\">\n<div class=\"wp-container-7 wp-block-column is-vertically-aligned-center\" style=\"flex-basis:50%\">\n<h2 class=\"has-nv-text-dark-bg-color has-text-color\">Iglesia Ortodoxa Autoc\u00e9fala Ucraniana<\/h2>\n\n\n\n<p>Somos la Iglesia Ortodoxa Autoc\u00e9fala Ucraniana, con relaciones hist\u00f3ricas con nuestra patria ancestral y espiritual Ucrania.<\/p>\n\n\n\n<p>En los Estados Unidos y en otras partes de Am\u00e9rica, nuestra iglesia celebra una vida lit\u00fargica cat\u00f3lica ortodoxa familiar y una fe tradicional, basada en las costumbres tanto de Ucrania como de otros pa\u00edses de origen de nuestro pueblo.<\/p>\n\n\n\n<p>Defendemos un enfoque contempor\u00e1neo e informado de las cuestiones pastorales y sociales y las personas de todos los \u00e1mbitos de la vida son bienvenidas a formar parte de nuestra comunidad.<\/p>\n\n\n\n<div style=\"height:20px\" aria-hidden=\"true\" class=\"wp-block-spacer\"><\/div>\n\n\n\n<div class=\"wp-container-6 wp-block-buttons\"><\/div>\n\n\n\n<div style=\"height:20px\" aria-hidden=\"true\" class=\"wp-block-spacer\"><\/div>\n<\/div>\n\n\n\n<div class=\"wp-container-8 wp-block-column is-vertically-aligned-center\" style=\"flex-basis:50%\"><div class=\"wp-block-image\">\n<figure class=\"aligncenter size-medium\"><a href=\"https:\/\/orthodoxs.org\"><img loading=\"lazy\" width=\"300\" height=\"300\" src=\"https:\/\/holodomor.orthodoxs.org\/wp-content\/uploads\/2022\/09\/1024px-OCU_logo-300x300.png\" alt=\"\" class=\"wp-image-82\" srcset=\"https:\/\/holodomor.orthodoxs.org\/wp-content\/uploads\/2022\/09\/1024px-OCU_logo-300x300.png 300w, https:\/\/holodomor.orthodoxs.org\/wp-content\/uploads\/2022\/09\/1024px-OCU_logo.png 1024w, https:\/\/holodomor.orthodoxs.org\/wp-content\/uploads\/2022\/09\/1024px-OCU_logo-150x150.png 150w, https:\/\/holodomor.orthodoxs.org\/wp-content\/uploads\/2022\/09\/1024px-OCU_logo-768x768.png 768w\" sizes=\"(max-width: 300px) 100vw, 300px\" \/><\/a><\/figure><\/div><\/div>\n<\/div>\n\n\n\n<div style=\"height:40px\" aria-hidden=\"true\" class=\"wp-block-spacer\"><\/div>\n<\/div><\/div>\n<\/div><\/div>\n\n\n\n<div class=\"wp-block-cover alignfull\" style=\"min-height:420px\"><span aria-hidden=\"true\" class=\"wp-block-cover__background has-nv-site-bg-background-color has-background-dim-100 has-background-dim\"><\/span><div class=\"wp-block-cover__inner-container\">\n<div style=\"height:80px\" aria-hidden=\"true\" class=\"wp-block-spacer\"><\/div>\n\n\n\n<div style=\"height:30px\" aria-hidden=\"true\" class=\"wp-block-spacer\"><\/div>\n<\/div><\/div>\n\n\n\n<div class=\"wp-block-cover alignfull\" style=\"min-height:600px\"><span aria-hidden=\"true\" class=\"wp-block-cover__background has-nv-light-bg-background-color has-background-dim-100 has-background-dim\"><\/span><div class=\"wp-block-cover__inner-container\">\n<div class=\"wp-container-15 wp-block-group\"><div class=\"wp-block-group__inner-container\">\n<div style=\"height:80px\" aria-hidden=\"true\" class=\"wp-block-spacer\"><\/div>\n\n\n\n<div class=\"wp-container-14 wp-block-columns\">\n<div class=\"wp-container-11 wp-block-column\"><div class=\"wp-block-image is-style-default\">\n<figure class=\"aligncenter size-full\"><img loading=\"lazy\" width=\"163\" height=\"217\" src=\"https:\/\/holodomor.orthodoxs.org\/wp-content\/uploads\/2023\/05\/Ukrainian-autocephalous-orthodox-church.png\" alt=\"\" class=\"wp-image-220\"\/><\/figure><\/div>\n\n\n<h3 class=\"has-text-align-center has-neve-text-color-color has-text-color\">Iglesia Ortodoxa Autoc\u00e9fala Ucraniana<\/h3>\n\n\n\n<p class=\"has-text-align-center has-neve-text-color-color has-text-color\">IGLESIA ORTODOXA DE AM\u00c9RICA &#8211; UAOC<\/p>\n\n\n\n<div style=\"height:40px\" aria-hidden=\"true\" class=\"wp-block-spacer\"><\/div>\n<\/div>\n\n\n\n<div class=\"wp-container-12 wp-block-column\"><div class=\"wp-block-image is-style-default\">\n<figure class=\"aligncenter size-medium is-resized\"><img loading=\"lazy\" src=\"https:\/\/holodomor.orthodoxs.org\/wp-content\/uploads\/2022\/09\/Holodomor_icon.svg_-293x300.png\" alt=\"\" class=\"wp-image-112\" width=\"220\" height=\"225\" srcset=\"https:\/\/holodomor.orthodoxs.org\/wp-content\/uploads\/2022\/09\/Holodomor_icon.svg_-293x300.png 293w, https:\/\/holodomor.orthodoxs.org\/wp-content\/uploads\/2022\/09\/Holodomor_icon.svg_-1001x1024.png 1001w, https:\/\/holodomor.orthodoxs.org\/wp-content\/uploads\/2022\/09\/Holodomor_icon.svg_-768x786.png 768w, https:\/\/holodomor.orthodoxs.org\/wp-content\/uploads\/2022\/09\/Holodomor_icon.svg_.png 1200w\" sizes=\"(max-width: 220px) 100vw, 220px\" \/><\/figure><\/div>\n\n\n<h3 class=\"has-text-align-center has-neve-text-color-color has-text-color\">Museo Nacional de Holodomor<\/h3>\n\n\n\n<p class=\"has-text-align-center has-neve-text-color-color has-text-color\">UCRANIA<\/p>\n\n\n\n<div style=\"height:40px\" aria-hidden=\"true\" class=\"wp-block-spacer\"><\/div>\n<\/div>\n\n\n\n<div class=\"wp-container-13 wp-block-column\"><div class=\"wp-block-image is-style-rounded\">\n<figure class=\"aligncenter size-medium\"><img loading=\"lazy\" width=\"135\" height=\"300\" src=\"https:\/\/holodomor.orthodoxs.org\/wp-content\/uploads\/2023\/05\/Cristian-Hermandad-San-Miguel-135x300.png\" alt=\"\" class=\"wp-image-218\" srcset=\"https:\/\/holodomor.orthodoxs.org\/wp-content\/uploads\/2023\/05\/Cristian-Hermandad-San-Miguel-135x300.png 135w, https:\/\/holodomor.orthodoxs.org\/wp-content\/uploads\/2023\/05\/Cristian-Hermandad-San-Miguel-461x1024.png 461w, https:\/\/holodomor.orthodoxs.org\/wp-content\/uploads\/2023\/05\/Cristian-Hermandad-San-Miguel-691x1536.png 691w, https:\/\/holodomor.orthodoxs.org\/wp-content\/uploads\/2023\/05\/Cristian-Hermandad-San-Miguel.png 720w\" sizes=\"(max-width: 135px) 100vw, 135px\" \/><\/figure><\/div>\n\n\n<h3 class=\"has-text-align-center has-neve-text-color-color has-text-color\">+ Cristian Gerardo<\/h3>\n\n\n\n<p class=\"has-text-align-center has-neve-text-color-color has-text-color\">IGLESIA ORTODOXA DE AM\u00c9RICA &#8211; UAOC<\/p>\n\n\n\n<div style=\"height:40px\" aria-hidden=\"true\" class=\"wp-block-spacer\"><\/div>\n<\/div>\n<\/div>\n\n\n\n<div style=\"height:40px\" aria-hidden=\"true\" class=\"wp-block-spacer\"><\/div>\n<\/div><\/div>\n<\/div><\/div>\n","protected":false},"excerpt":{"rendered":"","protected":false},"author":1,"featured_media":0,"parent":0,"menu_order":0,"comment_status":"closed","ping_status":"closed","template":"","meta":{"om_disable_all_campaigns":false,"_monsterinsights_skip_tracking":false,"_monsterinsights_sitenote_active":false,"_monsterinsights_sitenote_note":"","_monsterinsights_sitenote_category":0,"neve_meta_sidebar":"","neve_meta_container":"","neve_meta_enable_content_width":"on","neve_meta_content_width":100,"neve_meta_title_alignment":"","neve_meta_author_avatar":"","neve_post_elements_order":"","neve_meta_disable_header":"","neve_meta_disable_footer":"","neve_meta_disable_title":"on","_ti_tpc_template_sync":false,"_ti_tpc_template_id":""},"aioseo_notices":[],"_links":{"self":[{"href":"https:\/\/holodomor.orthodoxs.org\/index.php\/wp-json\/wp\/v2\/pages\/12"}],"collection":[{"href":"https:\/\/holodomor.orthodoxs.org\/index.php\/wp-json\/wp\/v2\/pages"}],"about":[{"href":"https:\/\/holodomor.orthodoxs.org\/index.php\/wp-json\/wp\/v2\/types\/page"}],"author":[{"embeddable":true,"href":"https:\/\/holodomor.orthodoxs.org\/index.php\/wp-json\/wp\/v2\/users\/1"}],"replies":[{"embeddable":true,"href":"https:\/\/holodomor.orthodoxs.org\/index.php\/wp-json\/wp\/v2\/comments?post=12"}],"version-history":[{"count":15,"href":"https:\/\/holodomor.orthodoxs.org\/index.php\/wp-json\/wp\/v2\/pages\/12\/revisions"}],"predecessor-version":[{"id":225,"href":"https:\/\/holodomor.orthodoxs.org\/index.php\/wp-json\/wp\/v2\/pages\/12\/revisions\/225"}],"wp:attachment":[{"href":"https:\/\/holodomor.orthodoxs.org\/index.php\/wp-json\/wp\/v2\/media?parent=12"}],"curies":[{"name":"wp","href":"https:\/\/api.w.org\/{rel}","templated":true}]}}