{"id":14,"date":"2022-09-17T17:17:01","date_gmt":"2022-09-17T17:17:01","guid":{"rendered":"https:\/\/holodomor.orthodoxs.org\/?page_id=14"},"modified":"2022-09-17T20:57:07","modified_gmt":"2022-09-17T20:57:07","slug":"porfolio","status":"publish","type":"page","link":"https:\/\/holodomor.orthodoxs.org\/index.php\/porfolio\/","title":{"rendered":"HISTORIA"},"content":{"rendered":"\n<div class=\"wp-block-cover alignfull\" style=\"min-height:300px\"><span aria-hidden=\"true\" class=\"wp-block-cover__background has-nv-site-bg-background-color has-background-dim-100 has-background-dim\"><\/span><div class=\"wp-block-cover__inner-container\">\n<div class=\"wp-container-1 wp-block-group\"><div class=\"wp-block-group__inner-container\">\n<h1 class=\"alignwide has-text-align-center has-text-align-left has-neve-text-color-color has-text-color\">HISTORIA<\/h1>\n\n\n\n<p><\/p>\n\n\n\n<p><\/p>\n\n\n\n<p><\/p>\n\n\n<div class=\"wp-block-image\">\n<figure class=\"aligncenter size-full\"><img loading=\"lazy\" width=\"860\" height=\"480\" src=\"https:\/\/holodomor.orthodoxs.org\/wp-content\/uploads\/2022\/09\/07.jpg\" alt=\"\" class=\"wp-image-99\" srcset=\"https:\/\/holodomor.orthodoxs.org\/wp-content\/uploads\/2022\/09\/07.jpg 860w, https:\/\/holodomor.orthodoxs.org\/wp-content\/uploads\/2022\/09\/07-300x167.jpg 300w, https:\/\/holodomor.orthodoxs.org\/wp-content\/uploads\/2022\/09\/07-768x429.jpg 768w\" sizes=\"(max-width: 860px) 100vw, 860px\" \/><\/figure><\/div>\n\n\n<p><\/p>\n\n\n\n<p><\/p>\n\n\n\n<p><\/p>\n\n\n\n<p><span style=\"color: #000000;\"><strong>Holodomor<\/strong>\u00a0es un genocidio de la naci\u00f3n ucraniana cometido\u00a0en 1932-1933.\u00a0Fue cometido por el liderazgo de la Uni\u00f3n Sovi\u00e9tica para reprimir a los ucranianos obedientes y la eliminaci\u00f3n final del r\u00e9gimen de oposici\u00f3n ucraniano, incluidos los esfuerzos para construir un Estado ucraniano independiente de Mosc\u00fa.\u00a0En 2006, por la Ley de Ucrania \u201cSobre el Holodomor de 1932-1933 en Ucrania\u201d, el Holodomor fue reconocido como genocidio contra el pueblo ucraniano.\u00a0En 2010, mediante la resoluci\u00f3n del Tribunal de Apelaci\u00f3n de la regi\u00f3n de Kyiv se demostr\u00f3 la naturaleza genocida de Holodomor, la intenci\u00f3n de Stalin, Molotov, Kaganovich, Postyshev, Chubar, Khatayevych, Kosior de destruir una parte de la naci\u00f3n ucraniana.\u00a0En 1932-1933 murieron m\u00e1s de 7 millones de personas en la RSS de Ucrania y 3 millones de ucranianos en el extranjero en las regiones hist\u00f3ricamente pobladas por ucranianos: Kuban, el C\u00e1ucaso del Norte, el Bajo Volga y Kazajst\u00e1n.<\/span><\/p>\n\n\n\n<p><span style=\"color: #000000;\">Despu\u00e9s de la separaci\u00f3n de Ucrania a mediados del siglo XVII entre la Commonwealth polaco-lituana y el reino de Mosc\u00fa durante los siguientes dos siglos, la naci\u00f3n ucraniana no ten\u00eda su propio estado debido a la opresi\u00f3n pol\u00edtica, nacional y cultural que sufr\u00eda.&nbsp;Rusia persigui\u00f3 una dura colonizaci\u00f3n de la orilla izquierda de Ucrania.&nbsp;La poderosa rusificaci\u00f3n, el chovinismo y la pol\u00edtica de identificaci\u00f3n de los ucranianos con el pueblo ruso (identificaci\u00f3n de Ucrania como parte de Rusia \u2013 Malorosia) no destruyeron la conciencia nacional ucraniana.&nbsp;Los ucranianos sintieron muy marcadamente su diferencia con los rusos, y durante siglos continuaron la lucha de liberaci\u00f3n permanente.&nbsp;Y solo en 1918 lograron crear un estado ucraniano: la Rep\u00fablica Popular de Ucrania y unir los territorios ucranianos.<\/span><\/p>\n\n\n\n<p><span style=\"color: #000000;\">En el siglo XX, un estado ucraniano independiente dur\u00f3 solo unos pocos a\u00f1os, luchando contra la constante invasi\u00f3n e interferencia en los asuntos internos del pa\u00eds desde el exterior.&nbsp;No logr\u00f3 sentar las bases constructivas de su independencia y fortalecerla en el mundo.&nbsp;Despu\u00e9s de la tercera ocupaci\u00f3n de las tierras ucranianas, que pertenec\u00edan al Imperio Ruso, los bolcheviques rusos establecieron el poder sovi\u00e9tico por la fuerza utilizando al gobierno t\u00edtere.<\/span><\/p>\n\n\n\n<p><span style=\"color: #000000;\">El&nbsp;&nbsp;30 de diciembre de 1922&nbsp;se estableci\u00f3 &nbsp;la&nbsp;&nbsp;Uni\u00f3n de Rep\u00fablicas Socialistas Sovi\u00e9ticas&nbsp;&nbsp;, que inclu\u00eda a la Rep\u00fablica Socialista Sovi\u00e9tica de Ucrania.&nbsp;El tratado de la Uni\u00f3n exig\u00eda la plena igualdad de las rep\u00fablicas, pero en realidad Ucrania estaba controlada por el Kremlin.<\/span><\/p>\n\n\n\n<p><span style=\"color: #000000;\">A pesar de los breves per\u00edodos de construcci\u00f3n del estado, la tradici\u00f3n ucraniana tuvo y a\u00fan tiene profundas ra\u00edces hist\u00f3ricas que llegan al per\u00edodo de la Rus de Kiev.&nbsp;Uni\u00f3 a la naci\u00f3n y fortaleci\u00f3 el nacionalismo ucraniano y, al contrario, contradijo la teor\u00eda leninista del socialismo, que inclu\u00eda la fusi\u00f3n de las naciones.&nbsp;Despu\u00e9s de que los bolcheviques rusos ocuparon el territorio de Ucrania, lo sintieron profundamente.&nbsp;Lenin defini\u00f3 el movimiento nacional y las cuestiones de la soberan\u00eda nacional como un fen\u00f3meno de car\u00e1cter burgu\u00e9s con el que luchaban los bolcheviques.&nbsp;La entidad ucraniana fue un gran obst\u00e1culo para la existencia de la URSS en el formato en que la vio el liderazgo sovi\u00e9tico.<\/span><\/p>\n\n\n\n<p><span style=\"color: #000000;\">Con la aprobaci\u00f3n del r\u00e9gimen comunista hubo cambios significativos en la vida social, sociopol\u00edtica y socioecon\u00f3mica de Ucrania, que afectaron principalmente al pueblo tradicional.\u00a0Las autoridades sovi\u00e9ticas inculcaron con fuerza entre los ucranianos nuevas costumbres y nuevos rituales, sin embargo, les hicieron renunciar a su pasado, olvidar sus or\u00edgenes.\u00a0La pol\u00edtica de ucranizaci\u00f3n se detuvo.\u00a0Comenz\u00f3 el ataque a la vida espiritual de los ucranianos.<\/span><\/p>\n\n\n\n<p><\/p>\n\n\n\n<p><\/p>\n<\/div><\/div>\n\n\n<div class=\"wp-block-image\">\n<figure class=\"aligncenter size-full\"><img loading=\"lazy\" width=\"800\" height=\"447\" src=\"https:\/\/holodomor.orthodoxs.org\/wp-content\/uploads\/2022\/09\/08.jpg\" alt=\"\" class=\"wp-image-100\" srcset=\"https:\/\/holodomor.orthodoxs.org\/wp-content\/uploads\/2022\/09\/08.jpg 800w, https:\/\/holodomor.orthodoxs.org\/wp-content\/uploads\/2022\/09\/08-300x168.jpg 300w, https:\/\/holodomor.orthodoxs.org\/wp-content\/uploads\/2022\/09\/08-768x429.jpg 768w\" sizes=\"(max-width: 800px) 100vw, 800px\" \/><\/figure><\/div>\n\n\n<p>\u00a0<\/p>\n<p><span style=\"color: #000000;\">En\u00a0\u00a01928\u00a0, la direcci\u00f3n sovi\u00e9tica anunci\u00f3\u00a0\u00a0una pol\u00edtica de colectivizaci\u00f3n, mediante la combinaci\u00f3n de fincas privadas individuales en las fincas colectivas de propiedad estatal.\u00a0Cada agricultor dispon\u00eda de un determinado n\u00famero de d\u00edas de trabajo, por cuyo trabajo se le pagaba con productos naturales.\u00a0Sin embargo, la mayor\u00eda de las jornadas laborales eran tan miserables que negaban la oportunidad al agricultor de alimentarlo a \u00e9l y a su familia.\u00a0Teniendo en cuenta el fuerte sentido de individualismo de los agricultores ucranianos, la pol\u00edtica de implementaci\u00f3n del sistema de agricultura colectiva en Ucrania recibi\u00f3 resistencia.\u00a0Es por eso que los aldeanos fueron arrastrados a la fuerza a las granjas colectivas por la compulsi\u00f3n, el terror y la guerra de propaganda con los disidentes, a quienes el r\u00e9gimen colg\u00f3 la etiqueta de \u00abkulaks\u00bb, \u00abnacionalistas burgueses\u00bb, \u00abcontrarrevolucionarios\u00bb y destruy\u00f3 a esas personas.<\/span><\/p>\n<p><span style=\"color: #000000;\">La pol\u00edtica del r\u00e9gimen sovi\u00e9tico provoc\u00f3 la resistencia del pueblo ucraniano.\u00a0Los historiadores han\u00a0\u00a0registrado alrededor de 4 mil manifestaciones masivas de agricultores a principios de la d\u00e9cada de 1930 contra la colectivizaci\u00f3n,\u00a0\u00a0la pol\u00edtica fiscal, el robo, el terror y la violencia de las autoridades.<\/span><\/p>\n<p><span style=\"color: #000000;\">El sentido de identidad nacional del campesino ucraniano, combinado con su individualismo mental, contradec\u00eda la ideolog\u00eda de la Uni\u00f3n Sovi\u00e9tica.\u00a0Esa fue la base del nacionalismo ucraniano y fue una amenaza para la unidad y la existencia misma de la URSS.\u00a0Es por eso que el objeto del crimen de genocidio fue la naci\u00f3n ucraniana, para debilitarla, el r\u00e9gimen totalitario de Stalin llev\u00f3 a cabo el exterminio genocida del campesinado ucraniano como la parte predominante de la naci\u00f3n y la fuente de su fuerza espiritual y material.<\/span><\/p>\n<p><span style=\"color: #000000;\">El peligro de disturbios y rebeliones para la existencia de la URSS era muy consciente en el Kremlin por Stalin y sus asociados.\u00a0No queriendo perder Ucrania, el r\u00e9gimen sovi\u00e9tico cre\u00f3 un plan para exterminar a la naci\u00f3n ucraniana, que se disfraz\u00f3 de planes de adquisici\u00f3n de granos para el estado.\u00a0Se trataba de la eliminaci\u00f3n completa de todas las existencias de cereales y otros alimentos y la confiscaci\u00f3n de propiedades como castigo por el fracaso del plan de adquisici\u00f3n de cereales.\u00a0Despu\u00e9s de que Ucrania se convirti\u00f3 en territorio de hambruna, el r\u00e9gimen cort\u00f3 todos los caminos hacia la salvaci\u00f3n.\u00a0Solo a los agricultores ucranianos y kubanes se les prohibi\u00f3 viajar a ciudades de Rusia y Bielorrusia.\u00a022,4 millones de personas quedaron encerradas f\u00edsicamente dentro del territorio del Holodomor.<\/span><\/p>\n<p><span style=\"color: #000000;\">Stalin, que consideraba al campesinado como la base del movimiento nacional, golpe\u00f3 al campesinado ucraniano como portador de las tradiciones, la cultura y el idioma ucranianos.\u00a0En 1932 para Ucrania se estableci\u00f3 un poco realista para la implementaci\u00f3n del plan de adquisici\u00f3n de cereales de 356 millones.\u00a0puds de grano.\u00a0Para la aprobaci\u00f3n del plan de Kharkiv acudieron los colaboradores m\u00e1s cercanos de Stalin: Kaganovich y Molotov, quienes estaban bien informados sobre el punto \u00e1lgido de la hambruna en la primera mitad de 1932 en Ucrania.\u00a0El genocidio fue organizado y cometido por la legalizaci\u00f3n de la violencia y el asesinato en masa de ucranianos por parte de representantes del gobierno.\u00a0Cerca de 400 documentos de archivo lo confirman.<\/span><\/p>\n<p><span style=\"color: #000000;\">A principios de la d\u00e9cada de 1930, la pol\u00edtica de colectivizaci\u00f3n en Ucrania colaps\u00f3.\u00a0Los campesinos abandonaron masivamente las fincas y recuperaron sus propiedades: ganado, ganado, ma\u00edz ganado.\u00a0Para preservar las haciendas y propiedades en manos del Estado, el 7 de agosto de 1932 el r\u00e9gimen adopt\u00f3 una resoluci\u00f3n represiva, que fue conocida entre el pueblo como \u201cley de espiguillas\u201d.<\/span><\/p>\n<p><span style=\"color: #000000;\">De acuerdo con la resoluci\u00f3n de la CCA y el Consejo de Comisarios del Pueblo de la URSS \u00abSobre la protecci\u00f3n de la propiedad de las empresas estatales, granjas colectivas y cooperativas y el fortalecimiento de la propiedad social (socialista)\u00bb toda la propiedad colectiva equiparada a la propiedad estatal y por su robo se fij\u00f3 un castigo severo.\u00a0Con una ley como esta, el estado castig\u00f3 a los campesinos hambrientos por recoger los restos de la cosecha de los campos con 10 a\u00f1os de prisi\u00f3n con confiscaci\u00f3n de propiedad o ejecuci\u00f3n.\u00a0De hecho, la ley quit\u00f3 el derecho de las personas a tener cualquier alimento.\u00a0Seg\u00fan resoluci\u00f3n se organiz\u00f3 un grupo especial de personas que realizaron cateos entre la poblaci\u00f3n con el fin de retirar por la fuerza el grano.\u00a0Esos allanamientos iban acompa\u00f1ados de terror, maltrato f\u00edsico y psicol\u00f3gico a las personas.<\/span><\/p>\n<p>\u00a0<\/p>\n\n\n<div class=\"wp-block-image\">\n<figure class=\"aligncenter size-full\"><img loading=\"lazy\" width=\"800\" height=\"447\" src=\"https:\/\/holodomor.orthodoxs.org\/wp-content\/uploads\/2022\/09\/09.jpg\" alt=\"\" class=\"wp-image-107\" srcset=\"https:\/\/holodomor.orthodoxs.org\/wp-content\/uploads\/2022\/09\/09.jpg 800w, https:\/\/holodomor.orthodoxs.org\/wp-content\/uploads\/2022\/09\/09-300x168.jpg 300w, https:\/\/holodomor.orthodoxs.org\/wp-content\/uploads\/2022\/09\/09-768x429.jpg 768w\" sizes=\"(max-width: 800px) 100vw, 800px\" \/><\/figure><\/div>\n\n\n<p>\u00a0<\/p>\n<p><span style=\"color: #000000;\">La siguiente decisi\u00f3n genocida fue establecer multas alimentarias: el derecho del estado a quitarles a los campesinos no solo granos, sino todos los alimentos y propiedades que pudieran venderse o intercambiarse por alimentos, lo cual no estaba en ninguna otra rep\u00fablica sovi\u00e9tica.\u00a0Para fortalecer la hambruna en Ucrania, el Politbur\u00f3 del CC CP (B), bajo la presi\u00f3n de Molotov, el 18 de noviembre de 1932 adopt\u00f3 una resoluci\u00f3n que introdujo un r\u00e9gimen represivo espec\u00edfico: las \u201cpizarras\u201d.\u00a0Incluir en las \u201cpizarras\u201d signific\u00f3 el bloqueo f\u00edsico de alimentos de granjas, pueblos, distritos: eliminaci\u00f3n total de alimentos, prohibici\u00f3n de comercio y transporte de mercanc\u00edas, prohibici\u00f3n de salir para los campesinos y el cerco del lugar por unidades militares, GPU, polic\u00eda.\u00a0En 1932 \u2013 1933 el r\u00e9gimen de \u201cpizarras\u201d actu\u00f3 en 180 distritos de la URSS (\u00e1rea del 25%).\u00a0Tal r\u00e9gimen represivo se us\u00f3 solo en Ucrania y Kuban,<\/span><\/p>\n<p><span style=\"color: #000000;\">El Kremlin cre\u00f3 condiciones de vida hechas para destruir la naci\u00f3n ucraniana mediante la retirada total de todos los suministros de alimentos.\u00a0La resoluci\u00f3n del CP ECP (b) y los Comisarios del Pueblo de la URSS del 22 de enero de 1933, firmada por Stalin y Molotov, bloque\u00f3 a los ucranianos dentro del territorio hambriento, les prohibi\u00f3 salir de la RSS de Ucrania y Kuban para comprar pan.\u00a0Para cualquier otra regi\u00f3n administrativa de la URSS no se aplic\u00f3 tal decisi\u00f3n.<\/span><\/p>\n<p><span style=\"color: #000000;\">El r\u00e9gimen estalinista declar\u00f3 que la hambruna en Ucrania era un fen\u00f3meno inexistente, y por eso rechaz\u00f3 la ayuda ofrecida por muchas ONG, incluidas las comunidades ucranianas extranjeras y la Cruz Roja Internacional.<\/span><\/p>\n<p><span style=\"color: #000000;\"><strong>En la primavera de 1933, la tasa de mortalidad en Ucrania se volvi\u00f3 catastr\u00f3fica<\/strong>\u00a0.\u00a0El pico de Holodomor cay\u00f3 en junio.\u00a0Luego la muerte m\u00e1rtir se llev\u00f3 cada d\u00eda 28 mil personas, cada hora \u2013 1168 personas, cada minuto \u2013 20 personas.\u00a0En ese momento, Mosc\u00fa le dio a Ucrania semillas (para sembrar) y pr\u00e9stamos para alimentos.\u00a0En caso de que los alimentos llegaran a las aldeas, se proporcionaron principalmente en forma de catering y solo a los agricultores colectivos que a\u00fan pod\u00edan trabajar y vivir en condiciones de campo.<\/span><\/p>\n<p>\u00a0<\/p>\n\n\n<div class=\"wp-block-image\">\n<figure class=\"aligncenter size-full\"><img loading=\"lazy\" width=\"800\" height=\"447\" src=\"https:\/\/holodomor.orthodoxs.org\/wp-content\/uploads\/2022\/09\/10.jpg\" alt=\"\" class=\"wp-image-110\" srcset=\"https:\/\/holodomor.orthodoxs.org\/wp-content\/uploads\/2022\/09\/10.jpg 800w, https:\/\/holodomor.orthodoxs.org\/wp-content\/uploads\/2022\/09\/10-300x168.jpg 300w, https:\/\/holodomor.orthodoxs.org\/wp-content\/uploads\/2022\/09\/10-768x429.jpg 768w\" sizes=\"(max-width: 800px) 100vw, 800px\" \/><\/figure><\/div>\n\n\n<p>\u00a0<\/p>\n<p><span style=\"color: #000000;\"><span style=\"color: #ff0000;\">Todo eso se llev\u00f3 a cabo con grandes existencias de cereales disponibles en reservas estatales centralizadas y exportaciones de alimentos a gran escala<\/span>\u00a0.\u00a0Estas acciones confirman la intenci\u00f3n de los l\u00edderes sovi\u00e9ticos de destruir una parte de la naci\u00f3n ucraniana dentro de ciertos l\u00edmites de tiempo.<\/span><\/p>\n<p><span style=\"color: #000000;\">La pregunta sobre la cantidad de p\u00e9rdidas humanas en Ucrania por Holodomor permanece abierta.\u00a0La mayor\u00eda de los investigadores defienden el n\u00famero de v\u00edctimas de m\u00e1s de 7\u00a0millones de personas\u00a0en la Rep\u00fablica Socialista Sovi\u00e9tica de Ucrania y 3 millones de ucranianos en otras regiones de la URSS: Kuban, la regi\u00f3n de la Tierra Negra Central, la regi\u00f3n del Volga y Kazajst\u00e1n.<\/span><\/p>\n<p><span style=\"color: #000000;\">Ciertas circunstancias hist\u00f3ricas hicieron que los c\u00e1lculos fueran complicados, y a\u00fan m\u00e1s complicados: establecer los nombres de los asesinados.\u00a0El gobierno sovi\u00e9tico hizo todo lo posible para ocultar las consecuencias de su crimen.\u00a0En algunos lugares, estaba prohibido registrar el n\u00famero real de muertes.\u00a0Estos d\u00edas se revel\u00f3 la lista secreta de algunos consejos de aldea con lista de muertos en 1932-1933.\u00a0Estas listas son dos veces m\u00e1s altas que los datos oficiales.\u00a0Est\u00e1 totalmente claro que tales casos no eran raros.\u00a0Hubo una prohibici\u00f3n de registrar como causa de muerte el \u00abhambre\u00bb, es por eso que en la lista de actos de muerte se anot\u00f3 \u00abpor fiebre tifoidea\u00bb, \u00abagotamiento\u00bb, \u00abpor vejez\u00bb.\u00a0En 1934, todos los libros de la oficina de registro sobre el registro de defunciones se transfirieron a un departamento especial de la GPU.\u00a0Los ucranianos se extinguieron en familias, pueblos, y no siempre se mantuvieron los registros.<\/span><\/p>\n<p><span style=\"color: #000000;\">La Uni\u00f3n Sovi\u00e9tica convenci\u00f3 a la comunidad internacional de \u201cno ver\u201d el asesinato masivo de ucranianos por medio de propaganda, sobornos de ciertos periodistas.\u00a0Sin embargo, hubo periodistas que escribieron la verdad, se conservan los informes de embajadores y diplom\u00e1ticos.\u00a0El r\u00e9gimen tom\u00f3 algunas medidas para borrar la memoria sobre el asesinato de millones de ucranianos.\u00a0Pero la memoria del pueblo es invencible, y con la formaci\u00f3n de la independencia de Ucrania se frustr\u00f3 la prohibici\u00f3n de hablar sobre el Holodomor.<\/span><\/p>\n<p>\u00a0<\/p>\n<\/div><\/div>\n\n\n\n<div class=\"wp-block-cover alignfull\" style=\"min-height:300px\"><span aria-hidden=\"true\" class=\"wp-block-cover__background has-nv-dark-bg-background-color has-background-dim-100 has-background-dim\"><\/span><div class=\"wp-block-cover__inner-container\">\n<div style=\"height:80px\" aria-hidden=\"true\" class=\"wp-block-spacer\"><\/div>\n\n\n<div class=\"wp-block-image is-style-default\">\n<figure class=\"aligncenter size-thumbnail\"><img loading=\"lazy\" width=\"150\" height=\"150\" src=\"https:\/\/holodomor.orthodoxs.org\/wp-content\/uploads\/2022\/09\/1024px-OCU_logo-150x150.png\" alt=\"\" class=\"wp-image-82\" srcset=\"https:\/\/holodomor.orthodoxs.org\/wp-content\/uploads\/2022\/09\/1024px-OCU_logo-150x150.png 150w, https:\/\/holodomor.orthodoxs.org\/wp-content\/uploads\/2022\/09\/1024px-OCU_logo-300x300.png 300w, https:\/\/holodomor.orthodoxs.org\/wp-content\/uploads\/2022\/09\/1024px-OCU_logo.png 1024w, https:\/\/holodomor.orthodoxs.org\/wp-content\/uploads\/2022\/09\/1024px-OCU_logo-768x768.png 768w\" sizes=\"(max-width: 150px) 100vw, 150px\" \/><\/figure><\/div>\n\n\n<p class=\"has-text-align-center has-nv-text-dark-bg-color has-text-color\">\u201cLa voz de la sangre de tu hernamo clama a m\u00ed desde la tierra\u201d<\/p>\n\n\n\n<p class=\"has-text-align-center has-nv-text-dark-bg-color has-text-color\" style=\"font-size:14px\">Libro del Genesis 4:10<\/p>\n\n\n\n<div style=\"height:80px\" aria-hidden=\"true\" class=\"wp-block-spacer\"><\/div>\n<\/div><\/div>\n","protected":false},"excerpt":{"rendered":"","protected":false},"author":1,"featured_media":0,"parent":0,"menu_order":0,"comment_status":"closed","ping_status":"closed","template":"","meta":{"om_disable_all_campaigns":false,"_monsterinsights_skip_tracking":false,"_monsterinsights_sitenote_active":false,"_monsterinsights_sitenote_note":"","_monsterinsights_sitenote_category":0,"neve_meta_sidebar":"","neve_meta_container":"","neve_meta_enable_content_width":"on","neve_meta_content_width":100,"neve_meta_title_alignment":"","neve_meta_author_avatar":"","neve_post_elements_order":"","neve_meta_disable_header":"","neve_meta_disable_footer":"","neve_meta_disable_title":"on","_ti_tpc_template_sync":false,"_ti_tpc_template_id":""},"aioseo_notices":[],"_links":{"self":[{"href":"https:\/\/holodomor.orthodoxs.org\/index.php\/wp-json\/wp\/v2\/pages\/14"}],"collection":[{"href":"https:\/\/holodomor.orthodoxs.org\/index.php\/wp-json\/wp\/v2\/pages"}],"about":[{"href":"https:\/\/holodomor.orthodoxs.org\/index.php\/wp-json\/wp\/v2\/types\/page"}],"author":[{"embeddable":true,"href":"https:\/\/holodomor.orthodoxs.org\/index.php\/wp-json\/wp\/v2\/users\/1"}],"replies":[{"embeddable":true,"href":"https:\/\/holodomor.orthodoxs.org\/index.php\/wp-json\/wp\/v2\/comments?post=14"}],"version-history":[{"count":10,"href":"https:\/\/holodomor.orthodoxs.org\/index.php\/wp-json\/wp\/v2\/pages\/14\/revisions"}],"predecessor-version":[{"id":115,"href":"https:\/\/holodomor.orthodoxs.org\/index.php\/wp-json\/wp\/v2\/pages\/14\/revisions\/115"}],"wp:attachment":[{"href":"https:\/\/holodomor.orthodoxs.org\/index.php\/wp-json\/wp\/v2\/media?parent=14"}],"curies":[{"name":"wp","href":"https:\/\/api.w.org\/{rel}","templated":true}]}}